{"id":148,"date":"2022-04-04T13:13:42","date_gmt":"2022-04-04T12:13:42","guid":{"rendered":"https:\/\/th-zimmermann.net\/?page_id=148"},"modified":"2022-04-04T13:13:42","modified_gmt":"2022-04-04T12:13:42","slug":"a","status":"publish","type":"page","link":"https:\/\/www.th-zimmermann.net\/","title":{"rendered":"Startseite"},"content":{"rendered":"\n<p>Herzlich willkommen auf unserem kleinen Sammelplatz an Erinnerungen \ud83d\ude0a<\/p>\n\n\n\n<p>Von Zeit zu Zeit werden meine Partnerin und ich, hier kleine Geschichten, Bilder und Anekdoten zu unseren Ausfl\u00fcgen und Wanderungen ver\u00f6ffentlichen. Wie man sicherlich sehr gut sehen kann, ist der Blog allerdings noch mitten im Aufbau. Da nat\u00fcrlich schon einiges an Erlebten auf &#8222;dem Stapel&#8220; liegt, muss das nun auch erstmal nachgetragen und in die richtige Form gebracht werden. Und vor allem bei dem Thema richtige Form, da gibt die aktuelle Lernkurve durchaus nach oben hin noch einiges her.<\/p>\n\n\n\n<p>Von daher kann es durchaus passieren, dass sich auch am Aussehen noch einiges tun wird. <\/p>\n\n\n\n<p>Nu aber genug der langen Worte, viel Spa\u00df beim St\u00f6bern \ud83d\ude0a\ud83d\ude00<\/p>\n","protected":false},"excerpt":{"rendered":"<p>Herzlich willkommen auf unserem kleinen Sammelplatz an Erinnerungen \ud83d\ude0a Von Zeit zu Zeit werden meine Partnerin und ich, hier kleine Geschichten, Bilder und Anekdoten zu &hellip;<\/p>\n","protected":false},"author":2,"featured_media":0,"parent":0,"menu_order":0,"comment_status":"closed","ping_status":"closed","template":"","meta":{"footnotes":""},"folder":[],"class_list":["post-148","page","type-page","status-publish","hentry"],"_links":{"self":[{"href":"https:\/\/www.th-zimmermann.net\/index.php?rest_route=\/wp\/v2\/pages\/148","targetHints":{"allow":["GET"]}}],"collection":[{"href":"https:\/\/www.th-zimmermann.net\/index.php?rest_route=\/wp\/v2\/pages"}],"about":[{"href":"https:\/\/www.th-zimmermann.net\/index.php?rest_route=\/wp\/v2\/types\/page"}],"author":[{"embeddable":true,"href":"https:\/\/www.th-zimmermann.net\/index.php?rest_route=\/wp\/v2\/users\/2"}],"replies":[{"embeddable":true,"href":"https:\/\/www.th-zimmermann.net\/index.php?rest_route=%2Fwp%2Fv2%2Fcomments&post=148"}],"version-history":[{"count":1,"href":"https:\/\/www.th-zimmermann.net\/index.php?rest_route=\/wp\/v2\/pages\/148\/revisions"}],"predecessor-version":[{"id":372,"href":"https:\/\/www.th-zimmermann.net\/index.php?rest_route=\/wp\/v2\/pages\/148\/revisions\/372"}],"wp:attachment":[{"href":"https:\/\/www.th-zimmermann.net\/index.php?rest_route=%2Fwp%2Fv2%2Fmedia&parent=148"}],"wp:term":[{"taxonomy":"folder","embeddable":true,"href":"https:\/\/www.th-zimmermann.net\/index.php?rest_route=%2Fwp%2Fv2%2Ffolder&post=148"}],"curies":[{"name":"wp","href":"https:\/\/api.w.org\/{rel}","templated":true}]}}